{"id":1474,"date":"2023-08-16T13:32:07","date_gmt":"2023-08-16T13:32:10","guid":{"rendered":"https:\/\/croatianwhitetruffles.com\/?post_type=product&#038;p=1474"},"modified":"2023-10-26T08:43:01","modified_gmt":"2023-10-26T08:43:01","slug":"kroatische-weise-truffel-tuber-magnatum-kopie","status":"publish","type":"product","link":"https:\/\/croatianwhitetruffles.com\/de\/produkt\/kroatische-weise-truffel-tuber-magnatum-kopie\/","title":{"rendered":"Kroatische wei\u00dfe Tr\u00fcffel, Tuber Magnatum (Kopie)"},"content":{"rendered":"<p>Unser exquisiter kroatischer wei\u00dfer Tr\u00fcffel, auch bekannt als Tuber Magnatum, stammt direkt aus den \u00fcppigen W\u00e4ldern Istriens, Kroatien. Dieser au\u00dfergew\u00f6hnliche Edelstein, der als eine der begehrtesten Tr\u00fcffelsorten der Welt gilt, verspricht, Ihre kulinarischen Kreationen auf ein neues Niveau zu heben.<\/p>\n<p>Jede kroatische wei\u00dfe Tr\u00fcffel wird von unseren erfahrenen Sammlern, die die W\u00e4lder und ihre jahreszeitlichen Rhythmen sehr gut kennen, sorgf\u00e4ltig von Hand gepfl\u00fcckt. Auf dem H\u00f6hepunkt der Reife geerntet, verstr\u00f6men diese Tr\u00fcffel ein berauschendes Aroma, das sowohl erdig als auch zart ist und die Sinne bei jeder Begegnung bezaubert.<\/p>\n","protected":false},"excerpt":{"rendered":"<p>Unsere kroatischen Wei\u00dfen Tr\u00fcffel, die als &#8222;wei\u00dfer Diamant&#8220; der Tr\u00fcffelwelt bekannt sind, zeichnen sich durch eine besonders glatte und cremige Textur aus, die es ihnen erm\u00f6glicht, m\u00fchelos mit Ihren Gerichten zu verschmelzen und ihren au\u00dfergew\u00f6hnlichen Geschmack zu entfalten. Ihr komplexes Profil vereint Noten von Knoblauch, Honig und Moschus und schafft so eine Symphonie des Geschmacks, die am Gaumen verweilt und einen unausl\u00f6schlichen Eindruck hinterl\u00e4sst.<\/p>\n<p>Egal, ob Sie ein Profikoch sind, der anspruchsvolle Gaumen verw\u00f6hnen will, oder ein begeisterter Hobbykoch, der beeindrucken m\u00f6chte &#8211; unser kroatischer wei\u00dfer Tr\u00fcffel ist die perfekte Zutat, um Ihr kulinarisches Repertoire zu erweitern. Wenn Sie ihn \u00fcber frische Pasta, Risotto oder R\u00fchrei hobeln, er\u00f6ffnet sich Ihnen eine Welt der Aromen. Mit seiner Essenz lassen sich \u00d6le, Butter oder Sahne zu exquisiten Saucen und Dressings verarbeiten, die gew\u00f6hnliche Gerichte in au\u00dfergew\u00f6hnliche kulinarische Meisterwerke verwandeln.<\/p>\n<p>Unser Engagement f\u00fcr Qualit\u00e4t geht \u00fcber die Tr\u00fcffel selbst hinaus. Jede kroatische wei\u00dfe Tr\u00fcffel wird sorgf\u00e4ltig gepr\u00fcft und gereinigt, um sicherzustellen, dass Sie nur die besten Exemplare erhalten. Wir sind stolz darauf, Ihnen Tr\u00fcffel zu liefern, die sich in ihrem besten Zustand befinden, damit Sie die wahre Essenz der Tr\u00fcffeltradition Istriens erleben k\u00f6nnen.<\/p>\n<p>Lassen Sie sich von der Opulenz unseres kroatischen wei\u00dfen Tr\u00fcffels verw\u00f6hnen und entdecken Sie, warum er bei renommierten K\u00f6chen und Feinschmeckern auf der ganzen Welt zu einer gesch\u00e4tzten Zutat geworden ist. Mit seinem unvergleichlichen Aroma, seinem delikaten Geschmack und seiner samtigen Textur ist dieser Tr\u00fcffel ein wahres Zeugnis der Kunstfertigkeit der Natur und des Zaubers der W\u00e4lder Istriens.<\/p>\n<p>Erleben Sie das Au\u00dfergew\u00f6hnliche. Erleben Sie die kroatische wei\u00dfe Tr\u00fcffel aus den mystischen W\u00e4ldern Istriens. Entfesseln Sie Ihre kulinarische Kreativit\u00e4t und lassen Sie die Magie dieser au\u00dfergew\u00f6hnlichen Tr\u00fcffel Ihre Gerichte in neue Dimensionen des Geschmacks und der Raffinesse entf\u00fchren.<\/p>\n","protected":false},"featured_media":881,"template":"","meta":[],"product_cat":[137],"product_tag":[256,254,255],"yoast_head":"<!-- This site is optimized with the Yoast SEO plugin v22.4 - https:\/\/yoast.com\/wordpress\/plugins\/seo\/ -->\n<title>Kroatische wei\u00dfe Tr\u00fcffel, Tuber Magnatum (Kopie) - Croatian white truffles<\/title>\n<meta name=\"robots\" content=\"index, follow, max-snippet:-1, max-image-preview:large, max-video-preview:-1\" \/>\n<link rel=\"canonical\" href=\"https:\/\/croatianwhitetruffles.com\/de\/produkt\/kroatische-weise-truffel-tuber-magnatum-kopie\/\" \/>\n<meta property=\"og:locale\" content=\"de_DE\" \/>\n<meta property=\"og:type\" content=\"article\" \/>\n<meta property=\"og:title\" content=\"Kroatische wei\u00dfe Tr\u00fcffel, Tuber Magnatum (Kopie) - Croatian white truffles\" \/>\n<meta property=\"og:description\" content=\"Unsere kroatischen Wei\u00dfen Tr\u00fcffel, die als &quot;wei\u00dfer Diamant&quot; der Tr\u00fcffelwelt bekannt sind, zeichnen sich durch eine besonders glatte und cremige Textur aus, die es ihnen erm\u00f6glicht, m\u00fchelos mit Ihren Gerichten zu verschmelzen und ihren au\u00dfergew\u00f6hnlichen Geschmack zu entfalten. Ihr komplexes Profil vereint Noten von Knoblauch, Honig und Moschus und schafft so eine Symphonie des Geschmacks, die am Gaumen verweilt und einen unausl\u00f6schlichen Eindruck hinterl\u00e4sst. Egal, ob Sie ein Profikoch sind, der anspruchsvolle Gaumen verw\u00f6hnen will, oder ein begeisterter Hobbykoch, der beeindrucken m\u00f6chte - unser kroatischer wei\u00dfer Tr\u00fcffel ist die perfekte Zutat, um Ihr kulinarisches Repertoire zu erweitern. Wenn Sie ihn \u00fcber frische Pasta, Risotto oder R\u00fchrei hobeln, er\u00f6ffnet sich Ihnen eine Welt der Aromen. Mit seiner Essenz lassen sich \u00d6le, Butter oder Sahne zu exquisiten Saucen und Dressings verarbeiten, die gew\u00f6hnliche Gerichte in au\u00dfergew\u00f6hnliche kulinarische Meisterwerke verwandeln. Unser Engagement f\u00fcr Qualit\u00e4t geht \u00fcber die Tr\u00fcffel selbst hinaus. Jede kroatische wei\u00dfe Tr\u00fcffel wird sorgf\u00e4ltig gepr\u00fcft und gereinigt, um sicherzustellen, dass Sie nur die besten Exemplare erhalten. Wir sind stolz darauf, Ihnen Tr\u00fcffel zu liefern, die sich in ihrem besten Zustand befinden, damit Sie die wahre Essenz der Tr\u00fcffeltradition Istriens erleben k\u00f6nnen. Lassen Sie sich von der Opulenz unseres kroatischen wei\u00dfen Tr\u00fcffels verw\u00f6hnen und entdecken Sie, warum er bei renommierten K\u00f6chen und Feinschmeckern auf der ganzen Welt zu einer gesch\u00e4tzten Zutat geworden ist. Mit seinem unvergleichlichen Aroma, seinem delikaten Geschmack und seiner samtigen Textur ist dieser Tr\u00fcffel ein wahres Zeugnis der Kunstfertigkeit der Natur und des Zaubers der W\u00e4lder Istriens. Erleben Sie das Au\u00dfergew\u00f6hnliche. Erleben Sie die kroatische wei\u00dfe Tr\u00fcffel aus den mystischen W\u00e4ldern Istriens. Entfesseln Sie Ihre kulinarische Kreativit\u00e4t und lassen Sie die Magie dieser au\u00dfergew\u00f6hnlichen Tr\u00fcffel Ihre Gerichte in neue Dimensionen des Geschmacks und der Raffinesse entf\u00fchren.\" \/>\n<meta property=\"og:url\" content=\"https:\/\/croatianwhitetruffles.com\/de\/produkt\/kroatische-weise-truffel-tuber-magnatum-kopie\/\" \/>\n<meta property=\"og:site_name\" content=\"Croatian white truffles\" \/>\n<meta property=\"article:modified_time\" content=\"2023-10-26T08:43:01+00:00\" \/>\n<meta property=\"og:image\" content=\"https:\/\/croatianwhitetruffles.com\/wp-content\/uploads\/2023\/06\/Tartuf-xy-1200x830.png\" \/>\n\t<meta property=\"og:image:width\" content=\"1200\" \/>\n\t<meta property=\"og:image:height\" content=\"830\" \/>\n\t<meta property=\"og:image:type\" content=\"image\/png\" \/>\n<meta name=\"twitter:card\" content=\"summary_large_image\" \/>\n<meta name=\"twitter:label1\" content=\"Gesch\u00e4tzte Lesezeit\" \/>\n\t<meta name=\"twitter:data1\" content=\"1\u00a0Minute\" \/>\n<script type=\"application\/ld+json\" class=\"yoast-schema-graph\">{\"@context\":\"https:\/\/schema.org\",\"@graph\":[{\"@type\":\"WebPage\",\"@id\":\"https:\/\/croatianwhitetruffles.com\/de\/produkt\/kroatische-weise-truffel-tuber-magnatum-kopie\/\",\"url\":\"https:\/\/croatianwhitetruffles.com\/de\/produkt\/kroatische-weise-truffel-tuber-magnatum-kopie\/\",\"name\":\"Kroatische wei\u00dfe Tr\u00fcffel, Tuber Magnatum (Kopie) - Croatian white truffles\",\"isPartOf\":{\"@id\":\"https:\/\/croatianwhitetruffles.com\/de\/#website\"},\"primaryImageOfPage\":{\"@id\":\"https:\/\/croatianwhitetruffles.com\/de\/produkt\/kroatische-weise-truffel-tuber-magnatum-kopie\/#primaryimage\"},\"image\":{\"@id\":\"https:\/\/croatianwhitetruffles.com\/de\/produkt\/kroatische-weise-truffel-tuber-magnatum-kopie\/#primaryimage\"},\"thumbnailUrl\":\"https:\/\/croatianwhitetruffles.com\/wp-content\/uploads\/2023\/06\/Tartuf-xy.png\",\"datePublished\":\"2023-08-16T13:32:10+00:00\",\"dateModified\":\"2023-10-26T08:43:01+00:00\",\"breadcrumb\":{\"@id\":\"https:\/\/croatianwhitetruffles.com\/de\/produkt\/kroatische-weise-truffel-tuber-magnatum-kopie\/#breadcrumb\"},\"inLanguage\":\"de\",\"potentialAction\":[{\"@type\":\"ReadAction\",\"target\":[\"https:\/\/croatianwhitetruffles.com\/de\/produkt\/kroatische-weise-truffel-tuber-magnatum-kopie\/\"]}]},{\"@type\":\"ImageObject\",\"inLanguage\":\"de\",\"@id\":\"https:\/\/croatianwhitetruffles.com\/de\/produkt\/kroatische-weise-truffel-tuber-magnatum-kopie\/#primaryimage\",\"url\":\"https:\/\/croatianwhitetruffles.com\/wp-content\/uploads\/2023\/06\/Tartuf-xy.png\",\"contentUrl\":\"https:\/\/croatianwhitetruffles.com\/wp-content\/uploads\/2023\/06\/Tartuf-xy.png\",\"width\":2000,\"height\":1383},{\"@type\":\"BreadcrumbList\",\"@id\":\"https:\/\/croatianwhitetruffles.com\/de\/produkt\/kroatische-weise-truffel-tuber-magnatum-kopie\/#breadcrumb\",\"itemListElement\":[{\"@type\":\"ListItem\",\"position\":1,\"name\":\"Home\",\"item\":\"https:\/\/croatianwhitetruffles.com\/de\/?page_id=901\"},{\"@type\":\"ListItem\",\"position\":2,\"name\":\"Shop\",\"item\":\"https:\/\/croatianwhitetruffles.com\/shop\/\"},{\"@type\":\"ListItem\",\"position\":3,\"name\":\"Kroatische wei\u00dfe Tr\u00fcffel, Tuber Magnatum (Kopie)\"}]},{\"@type\":\"WebSite\",\"@id\":\"https:\/\/croatianwhitetruffles.com\/de\/#website\",\"url\":\"https:\/\/croatianwhitetruffles.com\/de\/\",\"name\":\"Croatian white truffles\",\"description\":\"Tuber magnatum from Croatia\",\"publisher\":{\"@id\":\"https:\/\/croatianwhitetruffles.com\/de\/#organization\"},\"potentialAction\":[{\"@type\":\"SearchAction\",\"target\":{\"@type\":\"EntryPoint\",\"urlTemplate\":\"https:\/\/croatianwhitetruffles.com\/de\/?s={search_term_string}\"},\"query-input\":\"required name=search_term_string\"}],\"inLanguage\":\"de\"},{\"@type\":\"Organization\",\"@id\":\"https:\/\/croatianwhitetruffles.com\/de\/#organization\",\"name\":\"BLACK AND WHITE GOLD LLC\",\"url\":\"https:\/\/croatianwhitetruffles.com\/de\/\",\"logo\":{\"@type\":\"ImageObject\",\"inLanguage\":\"de\",\"@id\":\"https:\/\/croatianwhitetruffles.com\/de\/#\/schema\/logo\/image\/\",\"url\":\"https:\/\/croatianwhitetruffles.com\/wp-content\/uploads\/2023\/11\/Logo-BWG-Gold-1-1024x328-1.png\",\"contentUrl\":\"https:\/\/croatianwhitetruffles.com\/wp-content\/uploads\/2023\/11\/Logo-BWG-Gold-1-1024x328-1.png\",\"width\":1024,\"height\":328,\"caption\":\"BLACK AND WHITE GOLD LLC\"},\"image\":{\"@id\":\"https:\/\/croatianwhitetruffles.com\/de\/#\/schema\/logo\/image\/\"}}]}<\/script>\n<!-- \/ Yoast SEO plugin. -->","yoast_head_json":{"title":"Kroatische wei\u00dfe Tr\u00fcffel, Tuber Magnatum (Kopie) - Croatian white truffles","robots":{"index":"index","follow":"follow","max-snippet":"max-snippet:-1","max-image-preview":"max-image-preview:large","max-video-preview":"max-video-preview:-1"},"canonical":"https:\/\/croatianwhitetruffles.com\/de\/produkt\/kroatische-weise-truffel-tuber-magnatum-kopie\/","og_locale":"de_DE","og_type":"article","og_title":"Kroatische wei\u00dfe Tr\u00fcffel, Tuber Magnatum (Kopie) - Croatian white truffles","og_description":"Unsere kroatischen Wei\u00dfen Tr\u00fcffel, die als \"wei\u00dfer Diamant\" der Tr\u00fcffelwelt bekannt sind, zeichnen sich durch eine besonders glatte und cremige Textur aus, die es ihnen erm\u00f6glicht, m\u00fchelos mit Ihren Gerichten zu verschmelzen und ihren au\u00dfergew\u00f6hnlichen Geschmack zu entfalten. Ihr komplexes Profil vereint Noten von Knoblauch, Honig und Moschus und schafft so eine Symphonie des Geschmacks, die am Gaumen verweilt und einen unausl\u00f6schlichen Eindruck hinterl\u00e4sst. Egal, ob Sie ein Profikoch sind, der anspruchsvolle Gaumen verw\u00f6hnen will, oder ein begeisterter Hobbykoch, der beeindrucken m\u00f6chte - unser kroatischer wei\u00dfer Tr\u00fcffel ist die perfekte Zutat, um Ihr kulinarisches Repertoire zu erweitern. Wenn Sie ihn \u00fcber frische Pasta, Risotto oder R\u00fchrei hobeln, er\u00f6ffnet sich Ihnen eine Welt der Aromen. Mit seiner Essenz lassen sich \u00d6le, Butter oder Sahne zu exquisiten Saucen und Dressings verarbeiten, die gew\u00f6hnliche Gerichte in au\u00dfergew\u00f6hnliche kulinarische Meisterwerke verwandeln. Unser Engagement f\u00fcr Qualit\u00e4t geht \u00fcber die Tr\u00fcffel selbst hinaus. Jede kroatische wei\u00dfe Tr\u00fcffel wird sorgf\u00e4ltig gepr\u00fcft und gereinigt, um sicherzustellen, dass Sie nur die besten Exemplare erhalten. Wir sind stolz darauf, Ihnen Tr\u00fcffel zu liefern, die sich in ihrem besten Zustand befinden, damit Sie die wahre Essenz der Tr\u00fcffeltradition Istriens erleben k\u00f6nnen. Lassen Sie sich von der Opulenz unseres kroatischen wei\u00dfen Tr\u00fcffels verw\u00f6hnen und entdecken Sie, warum er bei renommierten K\u00f6chen und Feinschmeckern auf der ganzen Welt zu einer gesch\u00e4tzten Zutat geworden ist. Mit seinem unvergleichlichen Aroma, seinem delikaten Geschmack und seiner samtigen Textur ist dieser Tr\u00fcffel ein wahres Zeugnis der Kunstfertigkeit der Natur und des Zaubers der W\u00e4lder Istriens. Erleben Sie das Au\u00dfergew\u00f6hnliche. Erleben Sie die kroatische wei\u00dfe Tr\u00fcffel aus den mystischen W\u00e4ldern Istriens. Entfesseln Sie Ihre kulinarische Kreativit\u00e4t und lassen Sie die Magie dieser au\u00dfergew\u00f6hnlichen Tr\u00fcffel Ihre Gerichte in neue Dimensionen des Geschmacks und der Raffinesse entf\u00fchren.","og_url":"https:\/\/croatianwhitetruffles.com\/de\/produkt\/kroatische-weise-truffel-tuber-magnatum-kopie\/","og_site_name":"Croatian white truffles","article_modified_time":"2023-10-26T08:43:01+00:00","og_image":[{"width":1200,"height":830,"url":"https:\/\/croatianwhitetruffles.com\/wp-content\/uploads\/2023\/06\/Tartuf-xy-1200x830.png","type":"image\/png"}],"twitter_card":"summary_large_image","twitter_misc":{"Gesch\u00e4tzte Lesezeit":"1\u00a0Minute"},"schema":{"@context":"https:\/\/schema.org","@graph":[{"@type":"WebPage","@id":"https:\/\/croatianwhitetruffles.com\/de\/produkt\/kroatische-weise-truffel-tuber-magnatum-kopie\/","url":"https:\/\/croatianwhitetruffles.com\/de\/produkt\/kroatische-weise-truffel-tuber-magnatum-kopie\/","name":"Kroatische wei\u00dfe Tr\u00fcffel, Tuber Magnatum (Kopie) - Croatian white truffles","isPartOf":{"@id":"https:\/\/croatianwhitetruffles.com\/de\/#website"},"primaryImageOfPage":{"@id":"https:\/\/croatianwhitetruffles.com\/de\/produkt\/kroatische-weise-truffel-tuber-magnatum-kopie\/#primaryimage"},"image":{"@id":"https:\/\/croatianwhitetruffles.com\/de\/produkt\/kroatische-weise-truffel-tuber-magnatum-kopie\/#primaryimage"},"thumbnailUrl":"https:\/\/croatianwhitetruffles.com\/wp-content\/uploads\/2023\/06\/Tartuf-xy.png","datePublished":"2023-08-16T13:32:10+00:00","dateModified":"2023-10-26T08:43:01+00:00","breadcrumb":{"@id":"https:\/\/croatianwhitetruffles.com\/de\/produkt\/kroatische-weise-truffel-tuber-magnatum-kopie\/#breadcrumb"},"inLanguage":"de","potentialAction":[{"@type":"ReadAction","target":["https:\/\/croatianwhitetruffles.com\/de\/produkt\/kroatische-weise-truffel-tuber-magnatum-kopie\/"]}]},{"@type":"ImageObject","inLanguage":"de","@id":"https:\/\/croatianwhitetruffles.com\/de\/produkt\/kroatische-weise-truffel-tuber-magnatum-kopie\/#primaryimage","url":"https:\/\/croatianwhitetruffles.com\/wp-content\/uploads\/2023\/06\/Tartuf-xy.png","contentUrl":"https:\/\/croatianwhitetruffles.com\/wp-content\/uploads\/2023\/06\/Tartuf-xy.png","width":2000,"height":1383},{"@type":"BreadcrumbList","@id":"https:\/\/croatianwhitetruffles.com\/de\/produkt\/kroatische-weise-truffel-tuber-magnatum-kopie\/#breadcrumb","itemListElement":[{"@type":"ListItem","position":1,"name":"Home","item":"https:\/\/croatianwhitetruffles.com\/de\/?page_id=901"},{"@type":"ListItem","position":2,"name":"Shop","item":"https:\/\/croatianwhitetruffles.com\/shop\/"},{"@type":"ListItem","position":3,"name":"Kroatische wei\u00dfe Tr\u00fcffel, Tuber Magnatum (Kopie)"}]},{"@type":"WebSite","@id":"https:\/\/croatianwhitetruffles.com\/de\/#website","url":"https:\/\/croatianwhitetruffles.com\/de\/","name":"Croatian white truffles","description":"Tuber magnatum from Croatia","publisher":{"@id":"https:\/\/croatianwhitetruffles.com\/de\/#organization"},"potentialAction":[{"@type":"SearchAction","target":{"@type":"EntryPoint","urlTemplate":"https:\/\/croatianwhitetruffles.com\/de\/?s={search_term_string}"},"query-input":"required name=search_term_string"}],"inLanguage":"de"},{"@type":"Organization","@id":"https:\/\/croatianwhitetruffles.com\/de\/#organization","name":"BLACK AND WHITE GOLD LLC","url":"https:\/\/croatianwhitetruffles.com\/de\/","logo":{"@type":"ImageObject","inLanguage":"de","@id":"https:\/\/croatianwhitetruffles.com\/de\/#\/schema\/logo\/image\/","url":"https:\/\/croatianwhitetruffles.com\/wp-content\/uploads\/2023\/11\/Logo-BWG-Gold-1-1024x328-1.png","contentUrl":"https:\/\/croatianwhitetruffles.com\/wp-content\/uploads\/2023\/11\/Logo-BWG-Gold-1-1024x328-1.png","width":1024,"height":328,"caption":"BLACK AND WHITE GOLD LLC"},"image":{"@id":"https:\/\/croatianwhitetruffles.com\/de\/#\/schema\/logo\/image\/"}}]}},"_links":{"self":[{"href":"https:\/\/croatianwhitetruffles.com\/de\/wp-json\/wp\/v2\/product\/1474"}],"collection":[{"href":"https:\/\/croatianwhitetruffles.com\/de\/wp-json\/wp\/v2\/product"}],"about":[{"href":"https:\/\/croatianwhitetruffles.com\/de\/wp-json\/wp\/v2\/types\/product"}],"wp:featuredmedia":[{"embeddable":true,"href":"https:\/\/croatianwhitetruffles.com\/de\/wp-json\/wp\/v2\/media\/881"}],"wp:attachment":[{"href":"https:\/\/croatianwhitetruffles.com\/de\/wp-json\/wp\/v2\/media?parent=1474"}],"wp:term":[{"taxonomy":"product_cat","embeddable":true,"href":"https:\/\/croatianwhitetruffles.com\/de\/wp-json\/wp\/v2\/product_cat?post=1474"},{"taxonomy":"product_tag","embeddable":true,"href":"https:\/\/croatianwhitetruffles.com\/de\/wp-json\/wp\/v2\/product_tag?post=1474"}],"curies":[{"name":"wp","href":"https:\/\/api.w.org\/{rel}","templated":true}]}}