{"id":1495,"date":"2023-08-16T13:32:07","date_gmt":"2023-08-16T13:32:13","guid":{"rendered":"https:\/\/croatianwhitetruffles.com\/?post_type=product&#038;p=1495"},"modified":"2023-10-26T08:43:01","modified_gmt":"2023-10-26T08:43:01","slug":"trufa-blanca-croata-tuber-magnatum-copia","status":"publish","type":"product","link":"https:\/\/croatianwhitetruffles.com\/es\/producto\/trufa-blanca-croata-tuber-magnatum-copia\/","title":{"rendered":"Trufas blancas de Croacia, Tuber Magnatum (Copy)"},"content":{"rendered":"<p>Nuestra exquisita trufa blanca croata, tambi\u00e9n conocida como Tuber Magnatum, procede directamente de los frondosos bosques de Istria, Croacia. Venerada como una de las variedades de trufa m\u00e1s codiciadas del mundo, esta joya excepcional promete elevar sus creaciones culinarias a nuevas cotas.<\/p>\n<p>Cada trufa blanca croata es meticulosamente recolectada a mano por nuestros expertos recolectores, que poseen un profundo conocimiento de los bosques y sus ritmos estacionales. Recolectadas en su punto \u00f3ptimo de maduraci\u00f3n, estas trufas desprenden un aroma embriagador, a la vez terroso y delicado, que cautiva los sentidos a cada encuentro.<\/p>\n","protected":false},"excerpt":{"rendered":"<p>Conocidas como el \u00abdiamante blanco\u00bb del mundo de la trufa, nuestras Trufas Blancas Croatas tienen una textura suave y cremosa que les permite fundirse sin esfuerzo en sus platos, liberando su extraordinario sabor. Su complejo perfil combina notas de ajo, miel y almizcle, creando una sinfon\u00eda de sabor que perdura en el paladar, dejando una impresi\u00f3n indeleble.<\/p>\n<p>Tanto si es usted un chef profesional que busca deleitar a paladares exigentes como un entusiasta cocinero casero deseoso de impresionar, nuestra trufa blanca croata es el ingrediente perfecto para elevar su repertorio culinario. C\u00f3rtelo sobre pasta fresca, risottos o huevos revueltos para descubrir un mundo de sabores. Infusione aceites, mantequilla o nata con su esencia para crear exquisitas salsas y aderezos que transformar\u00e1n platos corrientes en extraordinarias obras maestras culinarias.<\/p>\n<p>Nuestro compromiso con la calidad va m\u00e1s all\u00e1 de la propia trufa. Cada trufa blanca croata se inspecciona y limpia cuidadosamente para garantizar que s\u00f3lo reciba los mejores ejemplares. Nos enorgullecemos de ofrecer trufas que est\u00e1n en su punto \u00f3ptimo, permiti\u00e9ndole experimentar la verdadera esencia de la tradici\u00f3n trufera de Istria.<\/p>\n<p>Del\u00e9itese con la opulencia de nuestra trufa blanca croata y descubra por qu\u00e9 se ha convertido en un ingrediente muy apreciado entre chefs de renombre y entusiastas de la gastronom\u00eda de todo el mundo. Con su aroma incomparable, su delicado sabor y su textura aterciopelada, esta trufa es un verdadero testimonio del arte de la naturaleza y del encanto de los bosques de Istria.<\/p>\n<p>Experimente lo extraordinario. Descubra la trufa blanca croata en los m\u00edsticos bosques de Istria. D\u00e9 rienda suelta a su creatividad culinaria y deje que la magia de esta trufa excepcional transporte sus platos a nuevos reinos del sabor y la sofisticaci\u00f3n.<\/p>\n","protected":false},"featured_media":885,"template":"","meta":[],"product_cat":[141],"product_tag":[241,243,237],"yoast_head":"<!-- This site is optimized with the Yoast SEO plugin v22.4 - https:\/\/yoast.com\/wordpress\/plugins\/seo\/ -->\n<title>Trufas blancas de Croacia, Tuber Magnatum (Copy) - Croatian white truffles<\/title>\n<meta name=\"robots\" content=\"index, follow, max-snippet:-1, max-image-preview:large, max-video-preview:-1\" \/>\n<link rel=\"canonical\" href=\"https:\/\/croatianwhitetruffles.com\/es\/producto\/trufa-blanca-croata-tuber-magnatum-copia\/\" \/>\n<meta property=\"og:locale\" content=\"es_ES\" \/>\n<meta property=\"og:type\" content=\"article\" \/>\n<meta property=\"og:title\" content=\"Trufas blancas de Croacia, Tuber Magnatum (Copy) - Croatian white truffles\" \/>\n<meta property=\"og:description\" content=\"Conocidas como el &quot;diamante blanco&quot; del mundo de la trufa, nuestras Trufas Blancas Croatas tienen una textura suave y cremosa que les permite fundirse sin esfuerzo en sus platos, liberando su extraordinario sabor. Su complejo perfil combina notas de ajo, miel y almizcle, creando una sinfon\u00eda de sabor que perdura en el paladar, dejando una impresi\u00f3n indeleble. Tanto si es usted un chef profesional que busca deleitar a paladares exigentes como un entusiasta cocinero casero deseoso de impresionar, nuestra trufa blanca croata es el ingrediente perfecto para elevar su repertorio culinario. C\u00f3rtelo sobre pasta fresca, risottos o huevos revueltos para descubrir un mundo de sabores. Infusione aceites, mantequilla o nata con su esencia para crear exquisitas salsas y aderezos que transformar\u00e1n platos corrientes en extraordinarias obras maestras culinarias. Nuestro compromiso con la calidad va m\u00e1s all\u00e1 de la propia trufa. Cada trufa blanca croata se inspecciona y limpia cuidadosamente para garantizar que s\u00f3lo reciba los mejores ejemplares. Nos enorgullecemos de ofrecer trufas que est\u00e1n en su punto \u00f3ptimo, permiti\u00e9ndole experimentar la verdadera esencia de la tradici\u00f3n trufera de Istria. Del\u00e9itese con la opulencia de nuestra trufa blanca croata y descubra por qu\u00e9 se ha convertido en un ingrediente muy apreciado entre chefs de renombre y entusiastas de la gastronom\u00eda de todo el mundo. Con su aroma incomparable, su delicado sabor y su textura aterciopelada, esta trufa es un verdadero testimonio del arte de la naturaleza y del encanto de los bosques de Istria. Experimente lo extraordinario. Descubra la trufa blanca croata en los m\u00edsticos bosques de Istria. D\u00e9 rienda suelta a su creatividad culinaria y deje que la magia de esta trufa excepcional transporte sus platos a nuevos reinos del sabor y la sofisticaci\u00f3n.\" \/>\n<meta property=\"og:url\" content=\"https:\/\/croatianwhitetruffles.com\/es\/producto\/trufa-blanca-croata-tuber-magnatum-copia\/\" \/>\n<meta property=\"og:site_name\" content=\"Croatian white truffles\" \/>\n<meta property=\"article:modified_time\" content=\"2023-10-26T08:43:01+00:00\" \/>\n<meta property=\"og:image\" content=\"https:\/\/croatianwhitetruffles.com\/wp-content\/uploads\/2023\/06\/Tartuf-xy-1200x830.png\" \/>\n\t<meta property=\"og:image:width\" content=\"1200\" \/>\n\t<meta property=\"og:image:height\" content=\"830\" \/>\n\t<meta property=\"og:image:type\" content=\"image\/png\" \/>\n<meta name=\"twitter:card\" content=\"summary_large_image\" \/>\n<script type=\"application\/ld+json\" class=\"yoast-schema-graph\">{\"@context\":\"https:\/\/schema.org\",\"@graph\":[{\"@type\":\"WebPage\",\"@id\":\"https:\/\/croatianwhitetruffles.com\/es\/producto\/trufa-blanca-croata-tuber-magnatum-copia\/\",\"url\":\"https:\/\/croatianwhitetruffles.com\/es\/producto\/trufa-blanca-croata-tuber-magnatum-copia\/\",\"name\":\"Trufas blancas de Croacia, Tuber Magnatum (Copy) - Croatian white truffles\",\"isPartOf\":{\"@id\":\"https:\/\/croatianwhitetruffles.com\/es\/#website\"},\"primaryImageOfPage\":{\"@id\":\"https:\/\/croatianwhitetruffles.com\/es\/producto\/trufa-blanca-croata-tuber-magnatum-copia\/#primaryimage\"},\"image\":{\"@id\":\"https:\/\/croatianwhitetruffles.com\/es\/producto\/trufa-blanca-croata-tuber-magnatum-copia\/#primaryimage\"},\"thumbnailUrl\":\"https:\/\/croatianwhitetruffles.com\/wp-content\/uploads\/2023\/06\/Tartuf-xy.png\",\"datePublished\":\"2023-08-16T13:32:13+00:00\",\"dateModified\":\"2023-10-26T08:43:01+00:00\",\"breadcrumb\":{\"@id\":\"https:\/\/croatianwhitetruffles.com\/es\/producto\/trufa-blanca-croata-tuber-magnatum-copia\/#breadcrumb\"},\"inLanguage\":\"es\",\"potentialAction\":[{\"@type\":\"ReadAction\",\"target\":[\"https:\/\/croatianwhitetruffles.com\/es\/producto\/trufa-blanca-croata-tuber-magnatum-copia\/\"]}]},{\"@type\":\"ImageObject\",\"inLanguage\":\"es\",\"@id\":\"https:\/\/croatianwhitetruffles.com\/es\/producto\/trufa-blanca-croata-tuber-magnatum-copia\/#primaryimage\",\"url\":\"https:\/\/croatianwhitetruffles.com\/wp-content\/uploads\/2023\/06\/Tartuf-xy.png\",\"contentUrl\":\"https:\/\/croatianwhitetruffles.com\/wp-content\/uploads\/2023\/06\/Tartuf-xy.png\",\"width\":2000,\"height\":1383},{\"@type\":\"BreadcrumbList\",\"@id\":\"https:\/\/croatianwhitetruffles.com\/es\/producto\/trufa-blanca-croata-tuber-magnatum-copia\/#breadcrumb\",\"itemListElement\":[{\"@type\":\"ListItem\",\"position\":1,\"name\":\"Home\",\"item\":\"https:\/\/croatianwhitetruffles.com\/es\/?page_id=903\"},{\"@type\":\"ListItem\",\"position\":2,\"name\":\"Tienda\",\"item\":\"https:\/\/croatianwhitetruffles.com\/shop\/\"},{\"@type\":\"ListItem\",\"position\":3,\"name\":\"Trufas blancas de Croacia, Tuber Magnatum (Copy)\"}]},{\"@type\":\"WebSite\",\"@id\":\"https:\/\/croatianwhitetruffles.com\/es\/#website\",\"url\":\"https:\/\/croatianwhitetruffles.com\/es\/\",\"name\":\"Croatian white truffles\",\"description\":\"Tuber magnatum from Croatia\",\"publisher\":{\"@id\":\"https:\/\/croatianwhitetruffles.com\/es\/#organization\"},\"potentialAction\":[{\"@type\":\"SearchAction\",\"target\":{\"@type\":\"EntryPoint\",\"urlTemplate\":\"https:\/\/croatianwhitetruffles.com\/es\/?s={search_term_string}\"},\"query-input\":\"required name=search_term_string\"}],\"inLanguage\":\"es\"},{\"@type\":\"Organization\",\"@id\":\"https:\/\/croatianwhitetruffles.com\/es\/#organization\",\"name\":\"BLACK AND WHITE GOLD LLC\",\"url\":\"https:\/\/croatianwhitetruffles.com\/es\/\",\"logo\":{\"@type\":\"ImageObject\",\"inLanguage\":\"es\",\"@id\":\"https:\/\/croatianwhitetruffles.com\/es\/#\/schema\/logo\/image\/\",\"url\":\"https:\/\/croatianwhitetruffles.com\/wp-content\/uploads\/2023\/11\/Logo-BWG-Gold-1-1024x328-1.png\",\"contentUrl\":\"https:\/\/croatianwhitetruffles.com\/wp-content\/uploads\/2023\/11\/Logo-BWG-Gold-1-1024x328-1.png\",\"width\":1024,\"height\":328,\"caption\":\"BLACK AND WHITE GOLD LLC\"},\"image\":{\"@id\":\"https:\/\/croatianwhitetruffles.com\/es\/#\/schema\/logo\/image\/\"}}]}<\/script>\n<!-- \/ Yoast SEO plugin. -->","yoast_head_json":{"title":"Trufas blancas de Croacia, Tuber Magnatum (Copy) - Croatian white truffles","robots":{"index":"index","follow":"follow","max-snippet":"max-snippet:-1","max-image-preview":"max-image-preview:large","max-video-preview":"max-video-preview:-1"},"canonical":"https:\/\/croatianwhitetruffles.com\/es\/producto\/trufa-blanca-croata-tuber-magnatum-copia\/","og_locale":"es_ES","og_type":"article","og_title":"Trufas blancas de Croacia, Tuber Magnatum (Copy) - Croatian white truffles","og_description":"Conocidas como el \"diamante blanco\" del mundo de la trufa, nuestras Trufas Blancas Croatas tienen una textura suave y cremosa que les permite fundirse sin esfuerzo en sus platos, liberando su extraordinario sabor. Su complejo perfil combina notas de ajo, miel y almizcle, creando una sinfon\u00eda de sabor que perdura en el paladar, dejando una impresi\u00f3n indeleble. Tanto si es usted un chef profesional que busca deleitar a paladares exigentes como un entusiasta cocinero casero deseoso de impresionar, nuestra trufa blanca croata es el ingrediente perfecto para elevar su repertorio culinario. C\u00f3rtelo sobre pasta fresca, risottos o huevos revueltos para descubrir un mundo de sabores. Infusione aceites, mantequilla o nata con su esencia para crear exquisitas salsas y aderezos que transformar\u00e1n platos corrientes en extraordinarias obras maestras culinarias. Nuestro compromiso con la calidad va m\u00e1s all\u00e1 de la propia trufa. Cada trufa blanca croata se inspecciona y limpia cuidadosamente para garantizar que s\u00f3lo reciba los mejores ejemplares. Nos enorgullecemos de ofrecer trufas que est\u00e1n en su punto \u00f3ptimo, permiti\u00e9ndole experimentar la verdadera esencia de la tradici\u00f3n trufera de Istria. Del\u00e9itese con la opulencia de nuestra trufa blanca croata y descubra por qu\u00e9 se ha convertido en un ingrediente muy apreciado entre chefs de renombre y entusiastas de la gastronom\u00eda de todo el mundo. Con su aroma incomparable, su delicado sabor y su textura aterciopelada, esta trufa es un verdadero testimonio del arte de la naturaleza y del encanto de los bosques de Istria. Experimente lo extraordinario. Descubra la trufa blanca croata en los m\u00edsticos bosques de Istria. D\u00e9 rienda suelta a su creatividad culinaria y deje que la magia de esta trufa excepcional transporte sus platos a nuevos reinos del sabor y la sofisticaci\u00f3n.","og_url":"https:\/\/croatianwhitetruffles.com\/es\/producto\/trufa-blanca-croata-tuber-magnatum-copia\/","og_site_name":"Croatian white truffles","article_modified_time":"2023-10-26T08:43:01+00:00","og_image":[{"width":1200,"height":830,"url":"https:\/\/croatianwhitetruffles.com\/wp-content\/uploads\/2023\/06\/Tartuf-xy-1200x830.png","type":"image\/png"}],"twitter_card":"summary_large_image","schema":{"@context":"https:\/\/schema.org","@graph":[{"@type":"WebPage","@id":"https:\/\/croatianwhitetruffles.com\/es\/producto\/trufa-blanca-croata-tuber-magnatum-copia\/","url":"https:\/\/croatianwhitetruffles.com\/es\/producto\/trufa-blanca-croata-tuber-magnatum-copia\/","name":"Trufas blancas de Croacia, Tuber Magnatum (Copy) - Croatian white truffles","isPartOf":{"@id":"https:\/\/croatianwhitetruffles.com\/es\/#website"},"primaryImageOfPage":{"@id":"https:\/\/croatianwhitetruffles.com\/es\/producto\/trufa-blanca-croata-tuber-magnatum-copia\/#primaryimage"},"image":{"@id":"https:\/\/croatianwhitetruffles.com\/es\/producto\/trufa-blanca-croata-tuber-magnatum-copia\/#primaryimage"},"thumbnailUrl":"https:\/\/croatianwhitetruffles.com\/wp-content\/uploads\/2023\/06\/Tartuf-xy.png","datePublished":"2023-08-16T13:32:13+00:00","dateModified":"2023-10-26T08:43:01+00:00","breadcrumb":{"@id":"https:\/\/croatianwhitetruffles.com\/es\/producto\/trufa-blanca-croata-tuber-magnatum-copia\/#breadcrumb"},"inLanguage":"es","potentialAction":[{"@type":"ReadAction","target":["https:\/\/croatianwhitetruffles.com\/es\/producto\/trufa-blanca-croata-tuber-magnatum-copia\/"]}]},{"@type":"ImageObject","inLanguage":"es","@id":"https:\/\/croatianwhitetruffles.com\/es\/producto\/trufa-blanca-croata-tuber-magnatum-copia\/#primaryimage","url":"https:\/\/croatianwhitetruffles.com\/wp-content\/uploads\/2023\/06\/Tartuf-xy.png","contentUrl":"https:\/\/croatianwhitetruffles.com\/wp-content\/uploads\/2023\/06\/Tartuf-xy.png","width":2000,"height":1383},{"@type":"BreadcrumbList","@id":"https:\/\/croatianwhitetruffles.com\/es\/producto\/trufa-blanca-croata-tuber-magnatum-copia\/#breadcrumb","itemListElement":[{"@type":"ListItem","position":1,"name":"Home","item":"https:\/\/croatianwhitetruffles.com\/es\/?page_id=903"},{"@type":"ListItem","position":2,"name":"Tienda","item":"https:\/\/croatianwhitetruffles.com\/shop\/"},{"@type":"ListItem","position":3,"name":"Trufas blancas de Croacia, Tuber Magnatum (Copy)"}]},{"@type":"WebSite","@id":"https:\/\/croatianwhitetruffles.com\/es\/#website","url":"https:\/\/croatianwhitetruffles.com\/es\/","name":"Croatian white truffles","description":"Tuber magnatum from Croatia","publisher":{"@id":"https:\/\/croatianwhitetruffles.com\/es\/#organization"},"potentialAction":[{"@type":"SearchAction","target":{"@type":"EntryPoint","urlTemplate":"https:\/\/croatianwhitetruffles.com\/es\/?s={search_term_string}"},"query-input":"required name=search_term_string"}],"inLanguage":"es"},{"@type":"Organization","@id":"https:\/\/croatianwhitetruffles.com\/es\/#organization","name":"BLACK AND WHITE GOLD LLC","url":"https:\/\/croatianwhitetruffles.com\/es\/","logo":{"@type":"ImageObject","inLanguage":"es","@id":"https:\/\/croatianwhitetruffles.com\/es\/#\/schema\/logo\/image\/","url":"https:\/\/croatianwhitetruffles.com\/wp-content\/uploads\/2023\/11\/Logo-BWG-Gold-1-1024x328-1.png","contentUrl":"https:\/\/croatianwhitetruffles.com\/wp-content\/uploads\/2023\/11\/Logo-BWG-Gold-1-1024x328-1.png","width":1024,"height":328,"caption":"BLACK AND WHITE GOLD LLC"},"image":{"@id":"https:\/\/croatianwhitetruffles.com\/es\/#\/schema\/logo\/image\/"}}]}},"_links":{"self":[{"href":"https:\/\/croatianwhitetruffles.com\/es\/wp-json\/wp\/v2\/product\/1495"}],"collection":[{"href":"https:\/\/croatianwhitetruffles.com\/es\/wp-json\/wp\/v2\/product"}],"about":[{"href":"https:\/\/croatianwhitetruffles.com\/es\/wp-json\/wp\/v2\/types\/product"}],"wp:featuredmedia":[{"embeddable":true,"href":"https:\/\/croatianwhitetruffles.com\/es\/wp-json\/wp\/v2\/media\/885"}],"wp:attachment":[{"href":"https:\/\/croatianwhitetruffles.com\/es\/wp-json\/wp\/v2\/media?parent=1495"}],"wp:term":[{"taxonomy":"product_cat","embeddable":true,"href":"https:\/\/croatianwhitetruffles.com\/es\/wp-json\/wp\/v2\/product_cat?post=1495"},{"taxonomy":"product_tag","embeddable":true,"href":"https:\/\/croatianwhitetruffles.com\/es\/wp-json\/wp\/v2\/product_tag?post=1495"}],"curies":[{"name":"wp","href":"https:\/\/api.w.org\/{rel}","templated":true}]}}