{"id":1516,"date":"2023-08-16T13:32:07","date_gmt":"2023-08-16T13:32:16","guid":{"rendered":"https:\/\/croatianwhitetruffles.com\/?post_type=product&#038;p=1516"},"modified":"2023-10-26T08:43:00","modified_gmt":"2023-10-26T08:43:00","slug":"croatian-white-truffles-tuber-magnatum-copy","status":"publish","type":"product","link":"https:\/\/croatianwhitetruffles.com\/fr\/produit\/croatian-white-truffles-tuber-magnatum-copy\/","title":{"rendered":"Truffes blanches de Croatie, Tuber Magnatum (copie)"},"content":{"rendered":"<p>Notre exquise truffe blanche de Croatie, \u00e9galement connue sous le nom de Tuber Magnatum, provient directement des for\u00eats luxuriantes d&rsquo;Istrie, en Croatie. Consid\u00e9r\u00e9e comme l&rsquo;une des vari\u00e9t\u00e9s de truffes les plus recherch\u00e9es au monde, ce joyau exceptionnel promet d&rsquo;\u00e9lever vos cr\u00e9ations culinaires \u00e0 de nouveaux sommets.<\/p>\n<p>Chaque truffe blanche croate est m\u00e9ticuleusement cueillie \u00e0 la main par nos bergers qualifi\u00e9s, qui ont une connaissance approfondie des for\u00eats et de leurs rythmes saisonniers. R\u00e9colt\u00e9es \u00e0 maturit\u00e9, ces truffes exhalent un ar\u00f4me enivrant, \u00e0 la fois terreux et d\u00e9licat, qui captive les sens \u00e0 chaque rencontre.<\/p>\n","protected":false},"excerpt":{"rendered":"<p>Surnomm\u00e9es le \u00ab\u00a0diamant blanc\u00a0\u00bb du monde de la truffe, nos truffes blanches de Croatie se distinguent par leur texture lisse et cr\u00e9meuse, qui leur permet de se fondre sans effort dans vos plats, lib\u00e9rant ainsi leur extraordinaire saveur. Leur profil complexe associe des notes d&rsquo;ail, de miel et de musc, cr\u00e9ant une symphonie gustative qui persiste en bouche et laisse une impression ind\u00e9l\u00e9bile.<\/p>\n<p>Que vous soyez un chef professionnel cherchant \u00e0 s\u00e9duire les palais les plus exigeants ou un cuisinier amateur enthousiaste d\u00e9sireux d&rsquo;impressionner, notre truffe blanche de Croatie est l&rsquo;ingr\u00e9dient parfait pour rehausser votre r\u00e9pertoire culinaire. Rasez-la sur des p\u00e2tes fra\u00eeches, des risottos ou des \u0153ufs brouill\u00e9s pour d\u00e9couvrir un monde de saveurs. Infusez des huiles, du beurre ou de la cr\u00e8me avec son essence pour cr\u00e9er des sauces et des assaisonnements exquis qui transformeront des plats ordinaires en chefs-d&rsquo;\u0153uvre culinaires extraordinaires.<\/p>\n<p>Notre engagement en faveur de la qualit\u00e9 va au-del\u00e0 de la truffe elle-m\u00eame. Chaque truffe blanche de Croatie est soigneusement inspect\u00e9e et nettoy\u00e9e afin de garantir que vous ne receviez que les meilleurs sp\u00e9cimens. Nous sommes fiers de livrer des truffes qui sont \u00e0 leur apog\u00e9e absolue, ce qui vous permet de d\u00e9couvrir la v\u00e9ritable essence de la tradition truffi\u00e8re de l&rsquo;Istrie.<\/p>\n<p>Laissez-vous s\u00e9duire par l&rsquo;opulence de notre truffe blanche de Croatie et d\u00e9couvrez pourquoi elle est devenue un ingr\u00e9dient tr\u00e8s pris\u00e9 par les chefs renomm\u00e9s et les amateurs de cuisine du monde entier. Avec son ar\u00f4me incomparable, sa saveur d\u00e9licate et sa texture velout\u00e9e, cette truffe est un v\u00e9ritable t\u00e9moignage de l&rsquo;art de la nature et de l&rsquo;enchantement des for\u00eats d&rsquo;Istrie.<\/p>\n<p>Faites l&rsquo;exp\u00e9rience de l&rsquo;extraordinaire. D\u00e9couvrez la truffe blanche croate dans les for\u00eats mystiques d&rsquo;Istrie. Lib\u00e9rez votre cr\u00e9ativit\u00e9 culinaire et laissez la magie de cette truffe exceptionnelle transporter vos plats vers de nouvelles sph\u00e8res de go\u00fbt et de sophistication.<\/p>\n","protected":false},"featured_media":880,"template":"","meta":[],"product_cat":[136],"product_tag":[188,190,176],"yoast_head":"<!-- This site is optimized with the Yoast SEO plugin v22.4 - https:\/\/yoast.com\/wordpress\/plugins\/seo\/ -->\n<title>Truffes blanches de Croatie, Tuber Magnatum (copie) - Croatian white truffles<\/title>\n<meta name=\"robots\" content=\"index, follow, max-snippet:-1, max-image-preview:large, max-video-preview:-1\" \/>\n<link rel=\"canonical\" href=\"https:\/\/croatianwhitetruffles.com\/fr\/produit\/croatian-white-truffles-tuber-magnatum-copy\/\" \/>\n<meta property=\"og:locale\" content=\"fr_FR\" \/>\n<meta property=\"og:type\" content=\"article\" \/>\n<meta property=\"og:title\" content=\"Truffes blanches de Croatie, Tuber Magnatum (copie) - Croatian white truffles\" \/>\n<meta property=\"og:description\" content=\"Surnomm\u00e9es le &quot;diamant blanc&quot; du monde de la truffe, nos truffes blanches de Croatie se distinguent par leur texture lisse et cr\u00e9meuse, qui leur permet de se fondre sans effort dans vos plats, lib\u00e9rant ainsi leur extraordinaire saveur. Leur profil complexe associe des notes d&#039;ail, de miel et de musc, cr\u00e9ant une symphonie gustative qui persiste en bouche et laisse une impression ind\u00e9l\u00e9bile. Que vous soyez un chef professionnel cherchant \u00e0 s\u00e9duire les palais les plus exigeants ou un cuisinier amateur enthousiaste d\u00e9sireux d&#039;impressionner, notre truffe blanche de Croatie est l&#039;ingr\u00e9dient parfait pour rehausser votre r\u00e9pertoire culinaire. Rasez-la sur des p\u00e2tes fra\u00eeches, des risottos ou des \u0153ufs brouill\u00e9s pour d\u00e9couvrir un monde de saveurs. Infusez des huiles, du beurre ou de la cr\u00e8me avec son essence pour cr\u00e9er des sauces et des assaisonnements exquis qui transformeront des plats ordinaires en chefs-d&#039;\u0153uvre culinaires extraordinaires. Notre engagement en faveur de la qualit\u00e9 va au-del\u00e0 de la truffe elle-m\u00eame. Chaque truffe blanche de Croatie est soigneusement inspect\u00e9e et nettoy\u00e9e afin de garantir que vous ne receviez que les meilleurs sp\u00e9cimens. Nous sommes fiers de livrer des truffes qui sont \u00e0 leur apog\u00e9e absolue, ce qui vous permet de d\u00e9couvrir la v\u00e9ritable essence de la tradition truffi\u00e8re de l&#039;Istrie. Laissez-vous s\u00e9duire par l&#039;opulence de notre truffe blanche de Croatie et d\u00e9couvrez pourquoi elle est devenue un ingr\u00e9dient tr\u00e8s pris\u00e9 par les chefs renomm\u00e9s et les amateurs de cuisine du monde entier. Avec son ar\u00f4me incomparable, sa saveur d\u00e9licate et sa texture velout\u00e9e, cette truffe est un v\u00e9ritable t\u00e9moignage de l&#039;art de la nature et de l&#039;enchantement des for\u00eats d&#039;Istrie. Faites l&#039;exp\u00e9rience de l&#039;extraordinaire. D\u00e9couvrez la truffe blanche croate dans les for\u00eats mystiques d&#039;Istrie. Lib\u00e9rez votre cr\u00e9ativit\u00e9 culinaire et laissez la magie de cette truffe exceptionnelle transporter vos plats vers de nouvelles sph\u00e8res de go\u00fbt et de sophistication.\" \/>\n<meta property=\"og:url\" content=\"https:\/\/croatianwhitetruffles.com\/fr\/produit\/croatian-white-truffles-tuber-magnatum-copy\/\" \/>\n<meta property=\"og:site_name\" content=\"Croatian white truffles\" \/>\n<meta property=\"article:modified_time\" content=\"2023-10-26T08:43:00+00:00\" \/>\n<meta property=\"og:image\" content=\"https:\/\/croatianwhitetruffles.com\/wp-content\/uploads\/2023\/06\/Tartuf-xy-1200x830.png\" \/>\n\t<meta property=\"og:image:width\" content=\"1200\" \/>\n\t<meta property=\"og:image:height\" content=\"830\" \/>\n\t<meta property=\"og:image:type\" content=\"image\/png\" \/>\n<meta name=\"twitter:card\" content=\"summary_large_image\" \/>\n<meta name=\"twitter:label1\" content=\"Dur\u00e9e de lecture estim\u00e9e\" \/>\n\t<meta name=\"twitter:data1\" content=\"1 minute\" \/>\n<script type=\"application\/ld+json\" class=\"yoast-schema-graph\">{\"@context\":\"https:\/\/schema.org\",\"@graph\":[{\"@type\":\"WebPage\",\"@id\":\"https:\/\/croatianwhitetruffles.com\/fr\/produit\/croatian-white-truffles-tuber-magnatum-copy\/\",\"url\":\"https:\/\/croatianwhitetruffles.com\/fr\/produit\/croatian-white-truffles-tuber-magnatum-copy\/\",\"name\":\"Truffes blanches de Croatie, Tuber Magnatum (copie) - Croatian white truffles\",\"isPartOf\":{\"@id\":\"https:\/\/croatianwhitetruffles.com\/fr\/#website\"},\"primaryImageOfPage\":{\"@id\":\"https:\/\/croatianwhitetruffles.com\/fr\/produit\/croatian-white-truffles-tuber-magnatum-copy\/#primaryimage\"},\"image\":{\"@id\":\"https:\/\/croatianwhitetruffles.com\/fr\/produit\/croatian-white-truffles-tuber-magnatum-copy\/#primaryimage\"},\"thumbnailUrl\":\"https:\/\/croatianwhitetruffles.com\/wp-content\/uploads\/2023\/06\/Tartuf-xy.png\",\"datePublished\":\"2023-08-16T13:32:16+00:00\",\"dateModified\":\"2023-10-26T08:43:00+00:00\",\"breadcrumb\":{\"@id\":\"https:\/\/croatianwhitetruffles.com\/fr\/produit\/croatian-white-truffles-tuber-magnatum-copy\/#breadcrumb\"},\"inLanguage\":\"fr-FR\",\"potentialAction\":[{\"@type\":\"ReadAction\",\"target\":[\"https:\/\/croatianwhitetruffles.com\/fr\/produit\/croatian-white-truffles-tuber-magnatum-copy\/\"]}]},{\"@type\":\"ImageObject\",\"inLanguage\":\"fr-FR\",\"@id\":\"https:\/\/croatianwhitetruffles.com\/fr\/produit\/croatian-white-truffles-tuber-magnatum-copy\/#primaryimage\",\"url\":\"https:\/\/croatianwhitetruffles.com\/wp-content\/uploads\/2023\/06\/Tartuf-xy.png\",\"contentUrl\":\"https:\/\/croatianwhitetruffles.com\/wp-content\/uploads\/2023\/06\/Tartuf-xy.png\",\"width\":2000,\"height\":1383},{\"@type\":\"BreadcrumbList\",\"@id\":\"https:\/\/croatianwhitetruffles.com\/fr\/produit\/croatian-white-truffles-tuber-magnatum-copy\/#breadcrumb\",\"itemListElement\":[{\"@type\":\"ListItem\",\"position\":1,\"name\":\"Home\",\"item\":\"https:\/\/croatianwhitetruffles.com\/fr\/?page_id=907\"},{\"@type\":\"ListItem\",\"position\":2,\"name\":\"Boutique\",\"item\":\"https:\/\/croatianwhitetruffles.com\/shop\/\"},{\"@type\":\"ListItem\",\"position\":3,\"name\":\"Truffes blanches de Croatie, Tuber Magnatum (copie)\"}]},{\"@type\":\"WebSite\",\"@id\":\"https:\/\/croatianwhitetruffles.com\/fr\/#website\",\"url\":\"https:\/\/croatianwhitetruffles.com\/fr\/\",\"name\":\"Croatian white truffles\",\"description\":\"Tuber magnatum from Croatia\",\"publisher\":{\"@id\":\"https:\/\/croatianwhitetruffles.com\/fr\/#organization\"},\"potentialAction\":[{\"@type\":\"SearchAction\",\"target\":{\"@type\":\"EntryPoint\",\"urlTemplate\":\"https:\/\/croatianwhitetruffles.com\/fr\/?s={search_term_string}\"},\"query-input\":\"required name=search_term_string\"}],\"inLanguage\":\"fr-FR\"},{\"@type\":\"Organization\",\"@id\":\"https:\/\/croatianwhitetruffles.com\/fr\/#organization\",\"name\":\"BLACK AND WHITE GOLD LLC\",\"url\":\"https:\/\/croatianwhitetruffles.com\/fr\/\",\"logo\":{\"@type\":\"ImageObject\",\"inLanguage\":\"fr-FR\",\"@id\":\"https:\/\/croatianwhitetruffles.com\/fr\/#\/schema\/logo\/image\/\",\"url\":\"https:\/\/croatianwhitetruffles.com\/wp-content\/uploads\/2023\/11\/Logo-BWG-Gold-1-1024x328-1.png\",\"contentUrl\":\"https:\/\/croatianwhitetruffles.com\/wp-content\/uploads\/2023\/11\/Logo-BWG-Gold-1-1024x328-1.png\",\"width\":1024,\"height\":328,\"caption\":\"BLACK AND WHITE GOLD LLC\"},\"image\":{\"@id\":\"https:\/\/croatianwhitetruffles.com\/fr\/#\/schema\/logo\/image\/\"}}]}<\/script>\n<!-- \/ Yoast SEO plugin. -->","yoast_head_json":{"title":"Truffes blanches de Croatie, Tuber Magnatum (copie) - Croatian white truffles","robots":{"index":"index","follow":"follow","max-snippet":"max-snippet:-1","max-image-preview":"max-image-preview:large","max-video-preview":"max-video-preview:-1"},"canonical":"https:\/\/croatianwhitetruffles.com\/fr\/produit\/croatian-white-truffles-tuber-magnatum-copy\/","og_locale":"fr_FR","og_type":"article","og_title":"Truffes blanches de Croatie, Tuber Magnatum (copie) - Croatian white truffles","og_description":"Surnomm\u00e9es le \"diamant blanc\" du monde de la truffe, nos truffes blanches de Croatie se distinguent par leur texture lisse et cr\u00e9meuse, qui leur permet de se fondre sans effort dans vos plats, lib\u00e9rant ainsi leur extraordinaire saveur. Leur profil complexe associe des notes d'ail, de miel et de musc, cr\u00e9ant une symphonie gustative qui persiste en bouche et laisse une impression ind\u00e9l\u00e9bile. Que vous soyez un chef professionnel cherchant \u00e0 s\u00e9duire les palais les plus exigeants ou un cuisinier amateur enthousiaste d\u00e9sireux d'impressionner, notre truffe blanche de Croatie est l'ingr\u00e9dient parfait pour rehausser votre r\u00e9pertoire culinaire. Rasez-la sur des p\u00e2tes fra\u00eeches, des risottos ou des \u0153ufs brouill\u00e9s pour d\u00e9couvrir un monde de saveurs. Infusez des huiles, du beurre ou de la cr\u00e8me avec son essence pour cr\u00e9er des sauces et des assaisonnements exquis qui transformeront des plats ordinaires en chefs-d'\u0153uvre culinaires extraordinaires. Notre engagement en faveur de la qualit\u00e9 va au-del\u00e0 de la truffe elle-m\u00eame. Chaque truffe blanche de Croatie est soigneusement inspect\u00e9e et nettoy\u00e9e afin de garantir que vous ne receviez que les meilleurs sp\u00e9cimens. Nous sommes fiers de livrer des truffes qui sont \u00e0 leur apog\u00e9e absolue, ce qui vous permet de d\u00e9couvrir la v\u00e9ritable essence de la tradition truffi\u00e8re de l'Istrie. Laissez-vous s\u00e9duire par l'opulence de notre truffe blanche de Croatie et d\u00e9couvrez pourquoi elle est devenue un ingr\u00e9dient tr\u00e8s pris\u00e9 par les chefs renomm\u00e9s et les amateurs de cuisine du monde entier. Avec son ar\u00f4me incomparable, sa saveur d\u00e9licate et sa texture velout\u00e9e, cette truffe est un v\u00e9ritable t\u00e9moignage de l'art de la nature et de l'enchantement des for\u00eats d'Istrie. Faites l'exp\u00e9rience de l'extraordinaire. D\u00e9couvrez la truffe blanche croate dans les for\u00eats mystiques d'Istrie. Lib\u00e9rez votre cr\u00e9ativit\u00e9 culinaire et laissez la magie de cette truffe exceptionnelle transporter vos plats vers de nouvelles sph\u00e8res de go\u00fbt et de sophistication.","og_url":"https:\/\/croatianwhitetruffles.com\/fr\/produit\/croatian-white-truffles-tuber-magnatum-copy\/","og_site_name":"Croatian white truffles","article_modified_time":"2023-10-26T08:43:00+00:00","og_image":[{"width":1200,"height":830,"url":"https:\/\/croatianwhitetruffles.com\/wp-content\/uploads\/2023\/06\/Tartuf-xy-1200x830.png","type":"image\/png"}],"twitter_card":"summary_large_image","twitter_misc":{"Dur\u00e9e de lecture estim\u00e9e":"1 minute"},"schema":{"@context":"https:\/\/schema.org","@graph":[{"@type":"WebPage","@id":"https:\/\/croatianwhitetruffles.com\/fr\/produit\/croatian-white-truffles-tuber-magnatum-copy\/","url":"https:\/\/croatianwhitetruffles.com\/fr\/produit\/croatian-white-truffles-tuber-magnatum-copy\/","name":"Truffes blanches de Croatie, Tuber Magnatum (copie) - Croatian white truffles","isPartOf":{"@id":"https:\/\/croatianwhitetruffles.com\/fr\/#website"},"primaryImageOfPage":{"@id":"https:\/\/croatianwhitetruffles.com\/fr\/produit\/croatian-white-truffles-tuber-magnatum-copy\/#primaryimage"},"image":{"@id":"https:\/\/croatianwhitetruffles.com\/fr\/produit\/croatian-white-truffles-tuber-magnatum-copy\/#primaryimage"},"thumbnailUrl":"https:\/\/croatianwhitetruffles.com\/wp-content\/uploads\/2023\/06\/Tartuf-xy.png","datePublished":"2023-08-16T13:32:16+00:00","dateModified":"2023-10-26T08:43:00+00:00","breadcrumb":{"@id":"https:\/\/croatianwhitetruffles.com\/fr\/produit\/croatian-white-truffles-tuber-magnatum-copy\/#breadcrumb"},"inLanguage":"fr-FR","potentialAction":[{"@type":"ReadAction","target":["https:\/\/croatianwhitetruffles.com\/fr\/produit\/croatian-white-truffles-tuber-magnatum-copy\/"]}]},{"@type":"ImageObject","inLanguage":"fr-FR","@id":"https:\/\/croatianwhitetruffles.com\/fr\/produit\/croatian-white-truffles-tuber-magnatum-copy\/#primaryimage","url":"https:\/\/croatianwhitetruffles.com\/wp-content\/uploads\/2023\/06\/Tartuf-xy.png","contentUrl":"https:\/\/croatianwhitetruffles.com\/wp-content\/uploads\/2023\/06\/Tartuf-xy.png","width":2000,"height":1383},{"@type":"BreadcrumbList","@id":"https:\/\/croatianwhitetruffles.com\/fr\/produit\/croatian-white-truffles-tuber-magnatum-copy\/#breadcrumb","itemListElement":[{"@type":"ListItem","position":1,"name":"Home","item":"https:\/\/croatianwhitetruffles.com\/fr\/?page_id=907"},{"@type":"ListItem","position":2,"name":"Boutique","item":"https:\/\/croatianwhitetruffles.com\/shop\/"},{"@type":"ListItem","position":3,"name":"Truffes blanches de Croatie, Tuber Magnatum (copie)"}]},{"@type":"WebSite","@id":"https:\/\/croatianwhitetruffles.com\/fr\/#website","url":"https:\/\/croatianwhitetruffles.com\/fr\/","name":"Croatian white truffles","description":"Tuber magnatum from Croatia","publisher":{"@id":"https:\/\/croatianwhitetruffles.com\/fr\/#organization"},"potentialAction":[{"@type":"SearchAction","target":{"@type":"EntryPoint","urlTemplate":"https:\/\/croatianwhitetruffles.com\/fr\/?s={search_term_string}"},"query-input":"required name=search_term_string"}],"inLanguage":"fr-FR"},{"@type":"Organization","@id":"https:\/\/croatianwhitetruffles.com\/fr\/#organization","name":"BLACK AND WHITE GOLD LLC","url":"https:\/\/croatianwhitetruffles.com\/fr\/","logo":{"@type":"ImageObject","inLanguage":"fr-FR","@id":"https:\/\/croatianwhitetruffles.com\/fr\/#\/schema\/logo\/image\/","url":"https:\/\/croatianwhitetruffles.com\/wp-content\/uploads\/2023\/11\/Logo-BWG-Gold-1-1024x328-1.png","contentUrl":"https:\/\/croatianwhitetruffles.com\/wp-content\/uploads\/2023\/11\/Logo-BWG-Gold-1-1024x328-1.png","width":1024,"height":328,"caption":"BLACK AND WHITE GOLD LLC"},"image":{"@id":"https:\/\/croatianwhitetruffles.com\/fr\/#\/schema\/logo\/image\/"}}]}},"_links":{"self":[{"href":"https:\/\/croatianwhitetruffles.com\/fr\/wp-json\/wp\/v2\/product\/1516"}],"collection":[{"href":"https:\/\/croatianwhitetruffles.com\/fr\/wp-json\/wp\/v2\/product"}],"about":[{"href":"https:\/\/croatianwhitetruffles.com\/fr\/wp-json\/wp\/v2\/types\/product"}],"wp:featuredmedia":[{"embeddable":true,"href":"https:\/\/croatianwhitetruffles.com\/fr\/wp-json\/wp\/v2\/media\/880"}],"wp:attachment":[{"href":"https:\/\/croatianwhitetruffles.com\/fr\/wp-json\/wp\/v2\/media?parent=1516"}],"wp:term":[{"taxonomy":"product_cat","embeddable":true,"href":"https:\/\/croatianwhitetruffles.com\/fr\/wp-json\/wp\/v2\/product_cat?post=1516"},{"taxonomy":"product_tag","embeddable":true,"href":"https:\/\/croatianwhitetruffles.com\/fr\/wp-json\/wp\/v2\/product_tag?post=1516"}],"curies":[{"name":"wp","href":"https:\/\/api.w.org\/{rel}","templated":true}]}}