{"id":1579,"date":"2023-08-16T13:32:07","date_gmt":"2023-08-16T13:32:24","guid":{"rendered":"https:\/\/croatianwhitetruffles.com\/?post_type=product&#038;p=1579"},"modified":"2023-10-26T08:43:01","modified_gmt":"2023-10-26T08:43:01","slug":"croatian-white-truffles-tuber-magnatum-copy","status":"publish","type":"product","link":"https:\/\/croatianwhitetruffles.com\/pt-pt\/produto\/croatian-white-truffles-tuber-magnatum-copy\/","title":{"rendered":"Trufas brancas da Cro\u00e1cia, Tuber Magnatum (C\u00f3pia)"},"content":{"rendered":"<p>A nossa requintada trufa branca croata, tamb\u00e9m conhecida como Tuber Magnatum, prov\u00e9m diretamente das exuberantes florestas de \u00cdstria, na Cro\u00e1cia. Reverenciada como uma das variedades de trufas mais procuradas no mundo, esta joia excecional promete elevar as suas cria\u00e7\u00f5es culin\u00e1rias a novos patamares.<\/p>\n<p>Cada trufa branca croata \u00e9 meticulosamente colhida \u00e0 m\u00e3o pelos nossos forrageadores qualificados, que possuem um profundo conhecimento das florestas e dos seus ritmos sazonais. Colhidas no pico da matura\u00e7\u00e3o, estas trufas exalam um aroma inebriante que \u00e9 simultaneamente terroso e delicado, cativando os sentidos a cada encontro.<\/p>\n","protected":false},"excerpt":{"rendered":"<p>Conhecidas como o &#8220;diamante branco&#8221; do mundo das trufas, as nossas trufas brancas croatas t\u00eam uma textura distintamente suave e cremosa, permitindo-lhes fundir-se sem esfor\u00e7o nos seus pratos, libertando o seu extraordin\u00e1rio sabor. O seu perfil complexo combina notas de alho, mel e alm\u00edscar, criando uma sinfonia de sabores que se prolonga no paladar, deixando uma impress\u00e3o indel\u00e9vel.<\/p>\n<p>Quer seja um chefe de cozinha profissional que procura seduzir paladares exigentes ou um cozinheiro dom\u00e9stico entusiasta ansioso por impressionar, a nossa trufa branca croata \u00e9 o ingrediente perfeito para elevar o seu repert\u00f3rio culin\u00e1rio. Raspe-o sobre massas frescas, risotos ou ovos mexidos para desbloquear um mundo de sabores. Infundir \u00f3leos, manteiga ou natas com a sua ess\u00eancia para criar molhos e temperos requintados que transformar\u00e3o pratos comuns em extraordin\u00e1rias obras-primas culin\u00e1rias.<\/p>\n<p>O nosso compromisso com a qualidade vai para al\u00e9m da pr\u00f3pria trufa. Cada trufa branca croata \u00e9 cuidadosamente inspeccionada e limpa para garantir que recebe apenas os melhores exemplares. Orgulhamo-nos de fornecer trufas que est\u00e3o no seu auge absoluto, permitindo-lhe experimentar a verdadeira ess\u00eancia da tradi\u00e7\u00e3o das trufas da \u00cdstria.<\/p>\n<p>Delicie-se com a opul\u00eancia da nossa trufa branca croata e descubra por que raz\u00e3o se tornou um ingrediente apreciado por chefes de renome e entusiastas da gastronomia de todo o mundo. Com um aroma inigual\u00e1vel, um sabor delicado e uma textura aveludada, esta trufa \u00e9 um verdadeiro testemunho da arte da natureza e do encanto das florestas da \u00cdstria.<\/p>\n<p>Experimente o extraordin\u00e1rio. Experimente a trufa branca croata das florestas m\u00edsticas de \u00cdstria. Liberte a sua criatividade culin\u00e1ria e deixe a magia desta trufa excecional transportar os seus pratos para novos dom\u00ednios de sabor e sofistica\u00e7\u00e3o.<\/p>\n","protected":false},"featured_media":884,"template":"","meta":[],"product_cat":[140],"product_tag":[235,239,231],"yoast_head":"<!-- This site is optimized with the Yoast SEO plugin v22.4 - https:\/\/yoast.com\/wordpress\/plugins\/seo\/ -->\n<title>Trufas brancas da Cro\u00e1cia, Tuber Magnatum (C\u00f3pia) - Croatian white truffles<\/title>\n<meta name=\"robots\" content=\"index, follow, max-snippet:-1, max-image-preview:large, max-video-preview:-1\" \/>\n<link rel=\"canonical\" href=\"https:\/\/croatianwhitetruffles.com\/pt-pt\/produto\/croatian-white-truffles-tuber-magnatum-copy\/\" \/>\n<meta property=\"og:locale\" content=\"pt_PT\" \/>\n<meta property=\"og:type\" content=\"article\" \/>\n<meta property=\"og:title\" content=\"Trufas brancas da Cro\u00e1cia, Tuber Magnatum (C\u00f3pia) - Croatian white truffles\" \/>\n<meta property=\"og:description\" content=\"Conhecidas como o &quot;diamante branco&quot; do mundo das trufas, as nossas trufas brancas croatas t\u00eam uma textura distintamente suave e cremosa, permitindo-lhes fundir-se sem esfor\u00e7o nos seus pratos, libertando o seu extraordin\u00e1rio sabor. O seu perfil complexo combina notas de alho, mel e alm\u00edscar, criando uma sinfonia de sabores que se prolonga no paladar, deixando uma impress\u00e3o indel\u00e9vel. Quer seja um chefe de cozinha profissional que procura seduzir paladares exigentes ou um cozinheiro dom\u00e9stico entusiasta ansioso por impressionar, a nossa trufa branca croata \u00e9 o ingrediente perfeito para elevar o seu repert\u00f3rio culin\u00e1rio. Raspe-o sobre massas frescas, risotos ou ovos mexidos para desbloquear um mundo de sabores. Infundir \u00f3leos, manteiga ou natas com a sua ess\u00eancia para criar molhos e temperos requintados que transformar\u00e3o pratos comuns em extraordin\u00e1rias obras-primas culin\u00e1rias. O nosso compromisso com a qualidade vai para al\u00e9m da pr\u00f3pria trufa. Cada trufa branca croata \u00e9 cuidadosamente inspeccionada e limpa para garantir que recebe apenas os melhores exemplares. Orgulhamo-nos de fornecer trufas que est\u00e3o no seu auge absoluto, permitindo-lhe experimentar a verdadeira ess\u00eancia da tradi\u00e7\u00e3o das trufas da \u00cdstria. Delicie-se com a opul\u00eancia da nossa trufa branca croata e descubra por que raz\u00e3o se tornou um ingrediente apreciado por chefes de renome e entusiastas da gastronomia de todo o mundo. Com um aroma inigual\u00e1vel, um sabor delicado e uma textura aveludada, esta trufa \u00e9 um verdadeiro testemunho da arte da natureza e do encanto das florestas da \u00cdstria. Experimente o extraordin\u00e1rio. Experimente a trufa branca croata das florestas m\u00edsticas de \u00cdstria. Liberte a sua criatividade culin\u00e1ria e deixe a magia desta trufa excecional transportar os seus pratos para novos dom\u00ednios de sabor e sofistica\u00e7\u00e3o.\" \/>\n<meta property=\"og:url\" content=\"https:\/\/croatianwhitetruffles.com\/pt-pt\/produto\/croatian-white-truffles-tuber-magnatum-copy\/\" \/>\n<meta property=\"og:site_name\" content=\"Croatian white truffles\" \/>\n<meta property=\"article:modified_time\" content=\"2023-10-26T08:43:01+00:00\" \/>\n<meta property=\"og:image\" content=\"https:\/\/croatianwhitetruffles.com\/wp-content\/uploads\/2023\/06\/Tartuf-xy-1200x830.png\" \/>\n\t<meta property=\"og:image:width\" content=\"1200\" \/>\n\t<meta property=\"og:image:height\" content=\"830\" \/>\n\t<meta property=\"og:image:type\" content=\"image\/png\" \/>\n<meta name=\"twitter:card\" content=\"summary_large_image\" \/>\n<script type=\"application\/ld+json\" class=\"yoast-schema-graph\">{\"@context\":\"https:\/\/schema.org\",\"@graph\":[{\"@type\":\"WebPage\",\"@id\":\"https:\/\/croatianwhitetruffles.com\/pt-pt\/produto\/croatian-white-truffles-tuber-magnatum-copy\/\",\"url\":\"https:\/\/croatianwhitetruffles.com\/pt-pt\/produto\/croatian-white-truffles-tuber-magnatum-copy\/\",\"name\":\"Trufas brancas da Cro\u00e1cia, Tuber Magnatum (C\u00f3pia) - Croatian white truffles\",\"isPartOf\":{\"@id\":\"https:\/\/croatianwhitetruffles.com\/pt-pt\/#website\"},\"primaryImageOfPage\":{\"@id\":\"https:\/\/croatianwhitetruffles.com\/pt-pt\/produto\/croatian-white-truffles-tuber-magnatum-copy\/#primaryimage\"},\"image\":{\"@id\":\"https:\/\/croatianwhitetruffles.com\/pt-pt\/produto\/croatian-white-truffles-tuber-magnatum-copy\/#primaryimage\"},\"thumbnailUrl\":\"https:\/\/croatianwhitetruffles.com\/wp-content\/uploads\/2023\/06\/Tartuf-xy.png\",\"datePublished\":\"2023-08-16T13:32:24+00:00\",\"dateModified\":\"2023-10-26T08:43:01+00:00\",\"breadcrumb\":{\"@id\":\"https:\/\/croatianwhitetruffles.com\/pt-pt\/produto\/croatian-white-truffles-tuber-magnatum-copy\/#breadcrumb\"},\"inLanguage\":\"pt-PT\",\"potentialAction\":[{\"@type\":\"ReadAction\",\"target\":[\"https:\/\/croatianwhitetruffles.com\/pt-pt\/produto\/croatian-white-truffles-tuber-magnatum-copy\/\"]}]},{\"@type\":\"ImageObject\",\"inLanguage\":\"pt-PT\",\"@id\":\"https:\/\/croatianwhitetruffles.com\/pt-pt\/produto\/croatian-white-truffles-tuber-magnatum-copy\/#primaryimage\",\"url\":\"https:\/\/croatianwhitetruffles.com\/wp-content\/uploads\/2023\/06\/Tartuf-xy.png\",\"contentUrl\":\"https:\/\/croatianwhitetruffles.com\/wp-content\/uploads\/2023\/06\/Tartuf-xy.png\",\"width\":2000,\"height\":1383},{\"@type\":\"BreadcrumbList\",\"@id\":\"https:\/\/croatianwhitetruffles.com\/pt-pt\/produto\/croatian-white-truffles-tuber-magnatum-copy\/#breadcrumb\",\"itemListElement\":[{\"@type\":\"ListItem\",\"position\":1,\"name\":\"Home\",\"item\":\"https:\/\/croatianwhitetruffles.com\/pt-pt\/?page_id=909\"},{\"@type\":\"ListItem\",\"position\":2,\"name\":\"Shop\",\"item\":\"https:\/\/croatianwhitetruffles.com\/shop\/\"},{\"@type\":\"ListItem\",\"position\":3,\"name\":\"Trufas brancas da Cro\u00e1cia, Tuber Magnatum (C\u00f3pia)\"}]},{\"@type\":\"WebSite\",\"@id\":\"https:\/\/croatianwhitetruffles.com\/pt-pt\/#website\",\"url\":\"https:\/\/croatianwhitetruffles.com\/pt-pt\/\",\"name\":\"Croatian white truffles\",\"description\":\"Tuber magnatum from Croatia\",\"publisher\":{\"@id\":\"https:\/\/croatianwhitetruffles.com\/pt-pt\/#organization\"},\"potentialAction\":[{\"@type\":\"SearchAction\",\"target\":{\"@type\":\"EntryPoint\",\"urlTemplate\":\"https:\/\/croatianwhitetruffles.com\/pt-pt\/?s={search_term_string}\"},\"query-input\":\"required name=search_term_string\"}],\"inLanguage\":\"pt-PT\"},{\"@type\":\"Organization\",\"@id\":\"https:\/\/croatianwhitetruffles.com\/pt-pt\/#organization\",\"name\":\"BLACK AND WHITE GOLD LLC\",\"url\":\"https:\/\/croatianwhitetruffles.com\/pt-pt\/\",\"logo\":{\"@type\":\"ImageObject\",\"inLanguage\":\"pt-PT\",\"@id\":\"https:\/\/croatianwhitetruffles.com\/pt-pt\/#\/schema\/logo\/image\/\",\"url\":\"https:\/\/croatianwhitetruffles.com\/wp-content\/uploads\/2023\/11\/Logo-BWG-Gold-1-1024x328-1.png\",\"contentUrl\":\"https:\/\/croatianwhitetruffles.com\/wp-content\/uploads\/2023\/11\/Logo-BWG-Gold-1-1024x328-1.png\",\"width\":1024,\"height\":328,\"caption\":\"BLACK AND WHITE GOLD LLC\"},\"image\":{\"@id\":\"https:\/\/croatianwhitetruffles.com\/pt-pt\/#\/schema\/logo\/image\/\"}}]}<\/script>\n<!-- \/ Yoast SEO plugin. -->","yoast_head_json":{"title":"Trufas brancas da Cro\u00e1cia, Tuber Magnatum (C\u00f3pia) - Croatian white truffles","robots":{"index":"index","follow":"follow","max-snippet":"max-snippet:-1","max-image-preview":"max-image-preview:large","max-video-preview":"max-video-preview:-1"},"canonical":"https:\/\/croatianwhitetruffles.com\/pt-pt\/produto\/croatian-white-truffles-tuber-magnatum-copy\/","og_locale":"pt_PT","og_type":"article","og_title":"Trufas brancas da Cro\u00e1cia, Tuber Magnatum (C\u00f3pia) - Croatian white truffles","og_description":"Conhecidas como o \"diamante branco\" do mundo das trufas, as nossas trufas brancas croatas t\u00eam uma textura distintamente suave e cremosa, permitindo-lhes fundir-se sem esfor\u00e7o nos seus pratos, libertando o seu extraordin\u00e1rio sabor. O seu perfil complexo combina notas de alho, mel e alm\u00edscar, criando uma sinfonia de sabores que se prolonga no paladar, deixando uma impress\u00e3o indel\u00e9vel. Quer seja um chefe de cozinha profissional que procura seduzir paladares exigentes ou um cozinheiro dom\u00e9stico entusiasta ansioso por impressionar, a nossa trufa branca croata \u00e9 o ingrediente perfeito para elevar o seu repert\u00f3rio culin\u00e1rio. Raspe-o sobre massas frescas, risotos ou ovos mexidos para desbloquear um mundo de sabores. Infundir \u00f3leos, manteiga ou natas com a sua ess\u00eancia para criar molhos e temperos requintados que transformar\u00e3o pratos comuns em extraordin\u00e1rias obras-primas culin\u00e1rias. O nosso compromisso com a qualidade vai para al\u00e9m da pr\u00f3pria trufa. Cada trufa branca croata \u00e9 cuidadosamente inspeccionada e limpa para garantir que recebe apenas os melhores exemplares. Orgulhamo-nos de fornecer trufas que est\u00e3o no seu auge absoluto, permitindo-lhe experimentar a verdadeira ess\u00eancia da tradi\u00e7\u00e3o das trufas da \u00cdstria. Delicie-se com a opul\u00eancia da nossa trufa branca croata e descubra por que raz\u00e3o se tornou um ingrediente apreciado por chefes de renome e entusiastas da gastronomia de todo o mundo. Com um aroma inigual\u00e1vel, um sabor delicado e uma textura aveludada, esta trufa \u00e9 um verdadeiro testemunho da arte da natureza e do encanto das florestas da \u00cdstria. Experimente o extraordin\u00e1rio. Experimente a trufa branca croata das florestas m\u00edsticas de \u00cdstria. Liberte a sua criatividade culin\u00e1ria e deixe a magia desta trufa excecional transportar os seus pratos para novos dom\u00ednios de sabor e sofistica\u00e7\u00e3o.","og_url":"https:\/\/croatianwhitetruffles.com\/pt-pt\/produto\/croatian-white-truffles-tuber-magnatum-copy\/","og_site_name":"Croatian white truffles","article_modified_time":"2023-10-26T08:43:01+00:00","og_image":[{"width":1200,"height":830,"url":"https:\/\/croatianwhitetruffles.com\/wp-content\/uploads\/2023\/06\/Tartuf-xy-1200x830.png","type":"image\/png"}],"twitter_card":"summary_large_image","schema":{"@context":"https:\/\/schema.org","@graph":[{"@type":"WebPage","@id":"https:\/\/croatianwhitetruffles.com\/pt-pt\/produto\/croatian-white-truffles-tuber-magnatum-copy\/","url":"https:\/\/croatianwhitetruffles.com\/pt-pt\/produto\/croatian-white-truffles-tuber-magnatum-copy\/","name":"Trufas brancas da Cro\u00e1cia, Tuber Magnatum (C\u00f3pia) - Croatian white truffles","isPartOf":{"@id":"https:\/\/croatianwhitetruffles.com\/pt-pt\/#website"},"primaryImageOfPage":{"@id":"https:\/\/croatianwhitetruffles.com\/pt-pt\/produto\/croatian-white-truffles-tuber-magnatum-copy\/#primaryimage"},"image":{"@id":"https:\/\/croatianwhitetruffles.com\/pt-pt\/produto\/croatian-white-truffles-tuber-magnatum-copy\/#primaryimage"},"thumbnailUrl":"https:\/\/croatianwhitetruffles.com\/wp-content\/uploads\/2023\/06\/Tartuf-xy.png","datePublished":"2023-08-16T13:32:24+00:00","dateModified":"2023-10-26T08:43:01+00:00","breadcrumb":{"@id":"https:\/\/croatianwhitetruffles.com\/pt-pt\/produto\/croatian-white-truffles-tuber-magnatum-copy\/#breadcrumb"},"inLanguage":"pt-PT","potentialAction":[{"@type":"ReadAction","target":["https:\/\/croatianwhitetruffles.com\/pt-pt\/produto\/croatian-white-truffles-tuber-magnatum-copy\/"]}]},{"@type":"ImageObject","inLanguage":"pt-PT","@id":"https:\/\/croatianwhitetruffles.com\/pt-pt\/produto\/croatian-white-truffles-tuber-magnatum-copy\/#primaryimage","url":"https:\/\/croatianwhitetruffles.com\/wp-content\/uploads\/2023\/06\/Tartuf-xy.png","contentUrl":"https:\/\/croatianwhitetruffles.com\/wp-content\/uploads\/2023\/06\/Tartuf-xy.png","width":2000,"height":1383},{"@type":"BreadcrumbList","@id":"https:\/\/croatianwhitetruffles.com\/pt-pt\/produto\/croatian-white-truffles-tuber-magnatum-copy\/#breadcrumb","itemListElement":[{"@type":"ListItem","position":1,"name":"Home","item":"https:\/\/croatianwhitetruffles.com\/pt-pt\/?page_id=909"},{"@type":"ListItem","position":2,"name":"Shop","item":"https:\/\/croatianwhitetruffles.com\/shop\/"},{"@type":"ListItem","position":3,"name":"Trufas brancas da Cro\u00e1cia, Tuber Magnatum (C\u00f3pia)"}]},{"@type":"WebSite","@id":"https:\/\/croatianwhitetruffles.com\/pt-pt\/#website","url":"https:\/\/croatianwhitetruffles.com\/pt-pt\/","name":"Croatian white truffles","description":"Tuber magnatum from Croatia","publisher":{"@id":"https:\/\/croatianwhitetruffles.com\/pt-pt\/#organization"},"potentialAction":[{"@type":"SearchAction","target":{"@type":"EntryPoint","urlTemplate":"https:\/\/croatianwhitetruffles.com\/pt-pt\/?s={search_term_string}"},"query-input":"required name=search_term_string"}],"inLanguage":"pt-PT"},{"@type":"Organization","@id":"https:\/\/croatianwhitetruffles.com\/pt-pt\/#organization","name":"BLACK AND WHITE GOLD LLC","url":"https:\/\/croatianwhitetruffles.com\/pt-pt\/","logo":{"@type":"ImageObject","inLanguage":"pt-PT","@id":"https:\/\/croatianwhitetruffles.com\/pt-pt\/#\/schema\/logo\/image\/","url":"https:\/\/croatianwhitetruffles.com\/wp-content\/uploads\/2023\/11\/Logo-BWG-Gold-1-1024x328-1.png","contentUrl":"https:\/\/croatianwhitetruffles.com\/wp-content\/uploads\/2023\/11\/Logo-BWG-Gold-1-1024x328-1.png","width":1024,"height":328,"caption":"BLACK AND WHITE GOLD LLC"},"image":{"@id":"https:\/\/croatianwhitetruffles.com\/pt-pt\/#\/schema\/logo\/image\/"}}]}},"_links":{"self":[{"href":"https:\/\/croatianwhitetruffles.com\/pt-pt\/wp-json\/wp\/v2\/product\/1579"}],"collection":[{"href":"https:\/\/croatianwhitetruffles.com\/pt-pt\/wp-json\/wp\/v2\/product"}],"about":[{"href":"https:\/\/croatianwhitetruffles.com\/pt-pt\/wp-json\/wp\/v2\/types\/product"}],"wp:featuredmedia":[{"embeddable":true,"href":"https:\/\/croatianwhitetruffles.com\/pt-pt\/wp-json\/wp\/v2\/media\/884"}],"wp:attachment":[{"href":"https:\/\/croatianwhitetruffles.com\/pt-pt\/wp-json\/wp\/v2\/media?parent=1579"}],"wp:term":[{"taxonomy":"product_cat","embeddable":true,"href":"https:\/\/croatianwhitetruffles.com\/pt-pt\/wp-json\/wp\/v2\/product_cat?post=1579"},{"taxonomy":"product_tag","embeddable":true,"href":"https:\/\/croatianwhitetruffles.com\/pt-pt\/wp-json\/wp\/v2\/product_tag?post=1579"}],"curies":[{"name":"wp","href":"https:\/\/api.w.org\/{rel}","templated":true}]}}